{"id":2783,"date":"2026-01-19T12:36:32","date_gmt":"2026-01-19T11:36:32","guid":{"rendered":"https:\/\/hotelprivilege.com\/?page_id=2783"},"modified":"2026-01-24T09:45:28","modified_gmt":"2026-01-24T08:45:28","slug":"contact","status":"publish","type":"page","link":"https:\/\/hotelprivilege.com\/en\/contact\/","title":{"rendered":"Contact &amp; Reservation"},"content":{"rendered":"<div class=\"wp-block-cover alignfull\"><img loading=\"lazy\" decoding=\"async\" width=\"560\" height=\"373\" class=\"wp-block-cover__image-background wp-image-2914 size-full\" alt=\"image hotel\" src=\"http:\/\/hotelprivilege.com\/wp-content\/uploads\/2026\/01\/image-hotel-1.jpg\" data-object-fit=\"cover\" title=\"Contact &amp; R\u00e9servations\" srcset=\"https:\/\/hotelprivilege.com\/wp-content\/uploads\/2026\/01\/image-hotel-1.jpg 560w, https:\/\/hotelprivilege.com\/wp-content\/uploads\/2026\/01\/image-hotel-1-300x200.jpg 300w\" sizes=\"auto, (max-width: 560px) 100vw, 560px\" \/><span aria-hidden=\"true\" class=\"wp-block-cover__background has-ast-global-color-7-background-color has-background-dim\"><\/span><div class=\"wp-block-cover__inner-container is-layout-constrained wp-block-cover-is-layout-constrained\">\n<p class=\"has-text-align-center has-ast-global-color-5-color has-text-color has-link-color has-cardo-font-family wp-elements-25ec229acb1a803cc9c2e371cb2309ef\" style=\"font-size:40px\">Contact &amp; Reservation<\/p>\n<\/div><\/div>\n\n\n\n<hr class=\"wp-block-separator has-text-color has-ast-global-color-1-color has-alpha-channel-opacity has-ast-global-color-1-background-color has-background\"\/>\n\n\n\n<div class=\"wp-block-group alignfull has-black-color has-text-color has-background has-link-color has-medium-font-size wp-elements-874ddeba92b71e62af41dd121948751c is-vertical is-content-justification-center is-layout-flex wp-container-core-group-is-layout-210689f8 wp-block-group-is-layout-flex\" style=\"background-color:#f1e9e9;padding-top:50px;padding-right:30px;padding-bottom:50px;padding-left:30px\">\t<p data-spectra-id=\"spectra-mkp7ev8c-lr054v\"\t\tclass=\"wp-block-spectra-content\">\n\t\tCheck availability\t<\/p>\n\n\n\n<p class=\"has-text-align-center\">Book directly at the best rate securely through our official booking engine.<\/p>\n\n\n\n<div class=\"wp-block-columns is-layout-flex wp-container-core-columns-is-layout-28f84493 wp-block-columns-is-layout-flex\">\n<div class=\"wp-block-column is-layout-flow wp-block-column-is-layout-flow\"><div data-spectra-id=\"spectra-mks0gmos-rlucvd\" class=\"wp-block-button spectra-buttons wp-block-spectra-buttons\">\n\t\n<a data-spectra-id=\"spectra-mks0gmsz-x84xr6\" href=\"https:\/\/secure.reservit.com\/reservit\/reserhotel.php?action=resa&#038;id=321&#038;hotelid=254640&#038;roomtcode=202891&#038;catcode=551686\" target=\"_self\" aria-label=\"Check availability\" style=\"--spectra-text-color: black;--spectra-text-color-hover: var(--ast-global-color-7);--spectra-background-color-hover: var(--ast-global-color-1);background-color:#ffe261a3\" class=\"wp-block-button__link wp-element-button spectra-text-color spectra-text-color-hover spectra-background-color-hover wp-elements-a40cb297216f71f52645af94d8f65560 wp-block-spectra-button has-text-color has-black-color has-background\">\n<div class=\"spectra-button__link\">Check availability<\/div><\/a>\n\n<\/div>\n<\/div>\n<\/div>\n<\/div>\n\n\n\n<div class=\"wp-block-cover alignfull has-medium-font-size\" style=\"min-height:187px;aspect-ratio:unset;\"><img loading=\"lazy\" decoding=\"async\" width=\"1024\" height=\"650\" class=\"wp-block-cover__image-background wp-image-3007 size-large\" alt=\"quailondresp13\" src=\"http:\/\/hotelprivilege.com\/wp-content\/uploads\/2026\/01\/QUAILONDRESp13-1024x650.jpg\" data-object-fit=\"cover\" title=\"Contact &amp; R\u00e9servations\" srcset=\"https:\/\/hotelprivilege.com\/wp-content\/uploads\/2026\/01\/QUAILONDRESp13-1024x650.jpg 1024w, https:\/\/hotelprivilege.com\/wp-content\/uploads\/2026\/01\/QUAILONDRESp13-300x191.jpg 300w, https:\/\/hotelprivilege.com\/wp-content\/uploads\/2026\/01\/QUAILONDRESp13-768x488.jpg 768w, https:\/\/hotelprivilege.com\/wp-content\/uploads\/2026\/01\/QUAILONDRESp13.jpg 1368w\" sizes=\"auto, (max-width: 1024px) 100vw, 1024px\" \/><span aria-hidden=\"true\" class=\"wp-block-cover__background has-black-background-color has-background-dim\"><\/span><div class=\"wp-block-cover__inner-container is-layout-constrained wp-block-cover-is-layout-constrained\">\n<div class=\"wp-block-columns is-layout-flex wp-container-core-columns-is-layout-28f84493 wp-block-columns-is-layout-flex\">\n<div class=\"wp-block-column is-layout-flow wp-block-column-is-layout-flow\">\n<p class=\"has-ast-global-color-5-color has-text-color has-link-color wp-elements-80050853a9813a22e81cb0a09731155e\">Phone : 03 29 84 50 51<\/p>\n\n\n\n<p class=\"has-ast-global-color-5-color has-text-color has-link-color wp-elements-8710080ae17a59de299d3727314681b2\">E-mail : contact@hotelprivilege.com<\/p>\n<\/div>\n\n\n\n<div class=\"wp-block-column is-layout-flow wp-block-column-is-layout-flow\">\t<p data-spectra-id=\"spectra-mkp723zi-zpwwsg\"\t\tstyle=\"--spectra-text-color: white;\" class=\"has-text-color has-link-color spectra-text-color wp-elements-fa1da231b0ca3c7f7e1a2f356d810156 wp-block-spectra-content has-text-color has-white-color\">\n\t\t\ud83d\udd12 Secure payment<br>\ud83d\udcb3 Pay online or on site<br>\u274c No hidden fees<br>\ud83d\udcde Direct assistance from the host\t<\/p>\n<\/div>\n<\/div>\n<\/div><\/div>\n\n\n\n<hr class=\"wp-block-separator has-text-color has-ast-global-color-1-color has-alpha-channel-opacity has-ast-global-color-1-background-color has-background\"\/>","protected":false},"excerpt":{"rendered":"<p>Book directly at the best rate securely through our official booking engine.<\/p>","protected":false},"author":1,"featured_media":0,"parent":0,"menu_order":0,"comment_status":"closed","ping_status":"closed","template":"","meta":{"_uag_custom_page_level_css":"","site-sidebar-layout":"default","site-content-layout":"","ast-site-content-layout":"default","site-content-style":"unboxed","site-sidebar-style":"default","ast-global-header-display":"","ast-banner-title-visibility":"","ast-main-header-display":"","ast-hfb-above-header-display":"","ast-hfb-below-header-display":"","ast-hfb-mobile-header-display":"","site-post-title":"disabled","ast-breadcrumbs-content":"","ast-featured-img":"","footer-sml-layout":"","ast-disable-related-posts":"","theme-transparent-header-meta":"","adv-header-id-meta":"","stick-header-meta":"","header-above-stick-meta":"","header-main-stick-meta":"","header-below-stick-meta":"","astra-migrate-meta-layouts":"set","ast-page-background-enabled":"default","ast-page-background-meta":{"desktop":{"background-color":"var(--ast-global-color-4)","background-image":"","background-repeat":"repeat","background-position":"center center","background-size":"auto","background-attachment":"scroll","background-type":"","background-media":"","overlay-type":"","overlay-color":"","overlay-opacity":"","overlay-gradient":""},"tablet":{"background-color":"","background-image":"","background-repeat":"repeat","background-position":"center center","background-size":"auto","background-attachment":"scroll","background-type":"","background-media":"","overlay-type":"","overlay-color":"","overlay-opacity":"","overlay-gradient":""},"mobile":{"background-color":"","background-image":"","background-repeat":"repeat","background-position":"center center","background-size":"auto","background-attachment":"scroll","background-type":"","background-media":"","overlay-type":"","overlay-color":"","overlay-opacity":"","overlay-gradient":""}},"ast-content-background-meta":{"desktop":{"background-color":"var(--ast-global-color-5)","background-image":"","background-repeat":"repeat","background-position":"center center","background-size":"auto","background-attachment":"scroll","background-type":"","background-media":"","overlay-type":"","overlay-color":"","overlay-opacity":"","overlay-gradient":""},"tablet":{"background-color":"var(--ast-global-color-5)","background-image":"","background-repeat":"repeat","background-position":"center center","background-size":"auto","background-attachment":"scroll","background-type":"","background-media":"","overlay-type":"","overlay-color":"","overlay-opacity":"","overlay-gradient":""},"mobile":{"background-color":"var(--ast-global-color-5)","background-image":"","background-repeat":"repeat","background-position":"center center","background-size":"auto","background-attachment":"scroll","background-type":"","background-media":"","overlay-type":"","overlay-color":"","overlay-opacity":"","overlay-gradient":""}},"footnotes":""},"class_list":["post-2783","page","type-page","status-publish","hentry"],"uagb_featured_image_src":{"full":false,"thumbnail":false,"medium":false,"medium_large":false,"large":false,"1536x1536":false,"2048x2048":false,"trp-custom-language-flag":false},"uagb_author_info":{"display_name":"admin7919","author_link":"https:\/\/hotelprivilege.com\/en\/author\/admin7919\/"},"uagb_comment_info":0,"uagb_excerpt":"R\u00e9servez en direct au meilleur tarif en toute s\u00e9curit\u00e9 via notre moteur de r\u00e9servation officiel.","_links":{"self":[{"href":"https:\/\/hotelprivilege.com\/en\/wp-json\/wp\/v2\/pages\/2783","targetHints":{"allow":["GET"]}}],"collection":[{"href":"https:\/\/hotelprivilege.com\/en\/wp-json\/wp\/v2\/pages"}],"about":[{"href":"https:\/\/hotelprivilege.com\/en\/wp-json\/wp\/v2\/types\/page"}],"author":[{"embeddable":true,"href":"https:\/\/hotelprivilege.com\/en\/wp-json\/wp\/v2\/users\/1"}],"replies":[{"embeddable":true,"href":"https:\/\/hotelprivilege.com\/en\/wp-json\/wp\/v2\/comments?post=2783"}],"version-history":[{"count":23,"href":"https:\/\/hotelprivilege.com\/en\/wp-json\/wp\/v2\/pages\/2783\/revisions"}],"predecessor-version":[{"id":3112,"href":"https:\/\/hotelprivilege.com\/en\/wp-json\/wp\/v2\/pages\/2783\/revisions\/3112"}],"wp:attachment":[{"href":"https:\/\/hotelprivilege.com\/en\/wp-json\/wp\/v2\/media?parent=2783"}],"curies":[{"name":"wp","href":"https:\/\/api.w.org\/{rel}","templated":true}]}}